{"id":66,"date":"2022-04-12T05:16:54","date_gmt":"2022-04-12T05:16:54","guid":{"rendered":"https:\/\/iemsur.com.mx\/Webiemsur\/?page_id=66"},"modified":"2022-04-17T02:18:47","modified_gmt":"2022-04-17T02:18:47","slug":"nutricion","status":"publish","type":"page","link":"https:\/\/iemsur.com.mx\/Webiemsur\/inicio\/nutricion\/","title":{"rendered":"Nutrici\u00f3n"},"content":{"rendered":"\t\t<div data-elementor-type=\"wp-page\" data-elementor-id=\"66\" class=\"elementor elementor-66\">\n\t\t\t\t\t\t\t\t\t<section class=\"elementor-section elementor-top-section elementor-element elementor-element-19e373d8 elementor-section-height-min-height elementor-section-items-stretch elementor-section-content-bottom elementor-reverse-tablet elementor-section-boxed elementor-section-height-default\" data-id=\"19e373d8\" data-element_type=\"section\" data-settings=\"{&quot;background_background&quot;:&quot;classic&quot;}\">\n\t\t\t\t\t\t<div class=\"elementor-container elementor-column-gap-no\">\n\t\t\t\t\t<div class=\"elementor-column elementor-col-50 elementor-top-column elementor-element elementor-element-18555fc3\" data-id=\"18555fc3\" data-element_type=\"column\">\n\t\t\t<div class=\"elementor-widget-wrap elementor-element-populated\">\n\t\t\t\t\t\t\t\t<div class=\"elementor-element elementor-element-1cff7862 elementor-invisible elementor-widget elementor-widget-image\" data-id=\"1cff7862\" data-element_type=\"widget\" data-settings=\"{&quot;_animation&quot;:&quot;slideInDown&quot;}\" data-widget_type=\"image.default\">\n\t\t\t\t<div class=\"elementor-widget-container\">\n\t\t\t<style>\/*! elementor - v3.9.1 - 14-12-2022 *\/\n.elementor-widget-image{text-align:center}.elementor-widget-image a{display:inline-block}.elementor-widget-image a img[src$=\".svg\"]{width:48px}.elementor-widget-image img{vertical-align:middle;display:inline-block}<\/style>\t\t\t\t\t\t\t\t\t\t\t\t<img loading=\"lazy\" decoding=\"async\" width=\"359\" height=\"508\" src=\"https:\/\/iemsur.com.mx\/Webiemsur\/wp-content\/uploads\/2022\/04\/nutricion-1.png\" class=\"attachment-full size-full wp-image-169\" alt=\"\" srcset=\"https:\/\/iemsur.com.mx\/Webiemsur\/wp-content\/uploads\/2022\/04\/nutricion-1.png 359w, https:\/\/iemsur.com.mx\/Webiemsur\/wp-content\/uploads\/2022\/04\/nutricion-1-212x300.png 212w\" sizes=\"auto, (max-width: 359px) 100vw, 359px\" \/>\t\t\t\t\t\t\t\t\t\t\t\t\t\t\t<\/div>\n\t\t\t\t<\/div>\n\t\t\t\t\t<\/div>\n\t\t<\/div>\n\t\t\t\t<div class=\"elementor-column elementor-col-50 elementor-top-column elementor-element elementor-element-6e3e49cf\" data-id=\"6e3e49cf\" data-element_type=\"column\" data-settings=\"{&quot;background_background&quot;:&quot;classic&quot;}\">\n\t\t\t<div class=\"elementor-widget-wrap elementor-element-populated\">\n\t\t\t\t\t\t\t\t<div class=\"elementor-element elementor-element-f751227 elementor-invisible elementor-widget elementor-widget-heading\" data-id=\"f751227\" data-element_type=\"widget\" data-settings=\"{&quot;_animation&quot;:&quot;fadeInUp&quot;,&quot;_animation_delay&quot;:200}\" data-widget_type=\"heading.default\">\n\t\t\t\t<div class=\"elementor-widget-container\">\n\t\t\t<style>\/*! elementor - v3.9.1 - 14-12-2022 *\/\n.elementor-heading-title{padding:0;margin:0;line-height:1}.elementor-widget-heading .elementor-heading-title[class*=elementor-size-]>a{color:inherit;font-size:inherit;line-height:inherit}.elementor-widget-heading .elementor-heading-title.elementor-size-small{font-size:15px}.elementor-widget-heading .elementor-heading-title.elementor-size-medium{font-size:19px}.elementor-widget-heading .elementor-heading-title.elementor-size-large{font-size:29px}.elementor-widget-heading .elementor-heading-title.elementor-size-xl{font-size:39px}.elementor-widget-heading .elementor-heading-title.elementor-size-xxl{font-size:59px}<\/style><h1 class=\"elementor-heading-title elementor-size-default\">Nutrici\u00f3n<\/h1>\t\t<\/div>\n\t\t\t\t<\/div>\n\t\t\t\t<div class=\"elementor-element elementor-element-797a7ad7 elementor-invisible elementor-widget elementor-widget-text-editor\" data-id=\"797a7ad7\" data-element_type=\"widget\" data-settings=\"{&quot;_animation&quot;:&quot;fadeInUp&quot;,&quot;_animation_delay&quot;:400}\" data-widget_type=\"text-editor.default\">\n\t\t\t\t<div class=\"elementor-widget-container\">\n\t\t\t<style>\/*! elementor - v3.9.1 - 14-12-2022 *\/\n.elementor-widget-text-editor.elementor-drop-cap-view-stacked .elementor-drop-cap{background-color:#818a91;color:#fff}.elementor-widget-text-editor.elementor-drop-cap-view-framed .elementor-drop-cap{color:#818a91;border:3px solid;background-color:transparent}.elementor-widget-text-editor:not(.elementor-drop-cap-view-default) .elementor-drop-cap{margin-top:8px}.elementor-widget-text-editor:not(.elementor-drop-cap-view-default) .elementor-drop-cap-letter{width:1em;height:1em}.elementor-widget-text-editor .elementor-drop-cap{float:left;text-align:center;line-height:1;font-size:50px}.elementor-widget-text-editor .elementor-drop-cap-letter{display:inline-block}<\/style>\t\t\t\t<p>\u00a0Formar Licenciados en Nutrici\u00f3n, capaces de incidir en el proceso alimentario, a trav\u00e9s de su evaluaci\u00f3n en la poblaci\u00f3n, tanto a nivel comunitario como individual, mediante un enfoque interdisciplinario en las \u00e1reas de ciencias de los alimentos, nutrici\u00f3n cl\u00ednica y comunitaria, administraci\u00f3n de servicios de alimentos, educaci\u00f3n e investigaci\u00f3n en nutrici\u00f3n, a trav\u00e9s de la construcci\u00f3n de conocimientos y desarrollo de actividades y valores para transformar su realidad con sentido cient\u00edfico, cr\u00edtico y humanista, que le permitan insertarse en los mercados de trabajo profesional.<\/p>\t\t\t\t\t\t<\/div>\n\t\t\t\t<\/div>\n\t\t\t\t<div class=\"elementor-element elementor-element-7c44e11a elementor-widget__width-initial elementor-widget-tablet__width-inherit elementor-widget-mobile__width-inherit elementor-absolute elementor-widget elementor-widget-spacer\" data-id=\"7c44e11a\" data-element_type=\"widget\" data-settings=\"{&quot;_position&quot;:&quot;absolute&quot;}\" data-widget_type=\"spacer.default\">\n\t\t\t\t<div class=\"elementor-widget-container\">\n\t\t\t<style>\/*! elementor - v3.9.1 - 14-12-2022 *\/\n.elementor-column .elementor-spacer-inner{height:var(--spacer-size)}.e-con{--container-widget-width:100%}.e-con-inner>.elementor-widget-spacer,.e-con>.elementor-widget-spacer{width:var(--container-widget-width,var(--spacer-size));--align-self:var(--container-widget-align-self,initial);--flex-shrink:0}.e-con-inner>.elementor-widget-spacer>.elementor-widget-container,.e-con-inner>.elementor-widget-spacer>.elementor-widget-container>.elementor-spacer,.e-con>.elementor-widget-spacer>.elementor-widget-container,.e-con>.elementor-widget-spacer>.elementor-widget-container>.elementor-spacer{height:100%}.e-con-inner>.elementor-widget-spacer>.elementor-widget-container>.elementor-spacer>.elementor-spacer-inner,.e-con>.elementor-widget-spacer>.elementor-widget-container>.elementor-spacer>.elementor-spacer-inner{height:var(--container-widget-height,var(--spacer-size))}<\/style>\t\t<div class=\"elementor-spacer\">\n\t\t\t<div class=\"elementor-spacer-inner\"><\/div>\n\t\t<\/div>\n\t\t\t\t<\/div>\n\t\t\t\t<\/div>\n\t\t\t\t\t<\/div>\n\t\t<\/div>\n\t\t\t\t\t\t\t<\/div>\n\t\t<\/section>\n\t\t\t\t<section class=\"elementor-section elementor-top-section elementor-element elementor-element-1295c7d3 elementor-section-height-min-height elementor-section-items-stretch elementor-section-content-middle elementor-section-boxed elementor-section-height-default\" data-id=\"1295c7d3\" data-element_type=\"section\" data-settings=\"{&quot;background_background&quot;:&quot;classic&quot;}\">\n\t\t\t\t\t\t<div class=\"elementor-container elementor-column-gap-no\">\n\t\t\t\t\t<div class=\"elementor-column elementor-col-100 elementor-top-column elementor-element elementor-element-22d45a8c\" data-id=\"22d45a8c\" data-element_type=\"column\" data-settings=\"{&quot;background_background&quot;:&quot;classic&quot;}\">\n\t\t\t<div class=\"elementor-widget-wrap elementor-element-populated\">\n\t\t\t\t\t\t\t\t<div class=\"elementor-element elementor-element-6561985c elementor-widget__width-initial elementor-invisible elementor-widget elementor-widget-heading\" data-id=\"6561985c\" data-element_type=\"widget\" data-settings=\"{&quot;_animation&quot;:&quot;fadeIn&quot;,&quot;_animation_delay&quot;:400}\" data-widget_type=\"heading.default\">\n\t\t\t\t<div class=\"elementor-widget-container\">\n\t\t\t<h2 class=\"elementor-heading-title elementor-size-medium\">El Licenciado en Nutrici\u00f3n estar\u00e1 capacitado para: <\/h2>\t\t<\/div>\n\t\t\t\t<\/div>\n\t\t\t\t<div class=\"elementor-element elementor-element-36bd4a58 elementor-invisible elementor-widget elementor-widget-text-editor\" data-id=\"36bd4a58\" data-element_type=\"widget\" data-settings=\"{&quot;_animation&quot;:&quot;fadeIn&quot;,&quot;_animation_delay&quot;:600}\" data-widget_type=\"text-editor.default\">\n\t\t\t\t<div class=\"elementor-widget-container\">\n\t\t\t\t\t\t\t<p class=\"MsoNormal\"><span style=\"font-size: 12.0pt; line-height: 107%; font-family: 'Arial',sans-serif;\">Conocer e identificar al individuo desde una perspectiva compleja biopsicosocial, con juicio cr\u00edtico y respeto a la diversidad de ideol\u00f3gica. <\/span><\/p><p class=\"MsoNormal\"><span style=\"font-size: 12.0pt; line-height: 107%; font-family: 'Arial',sans-serif;\">o Resolver los problemas que se presentan en la pr\u00e1ctica profesional aplicando los principios y m\u00e9todos cient\u00edficos para interpretar la realidad, con juicio cr\u00edtico, \u00e9tica profesional y creatividad.<\/span><\/p><p class=\"MsoNormal\"><span style=\"font-size: 12.0pt; line-height: 107%; font-family: 'Arial',sans-serif;\">\u00a0o Comunicarse de manera eficiente y adecuada en los aspectos: oral, escrito y gr\u00e1fico, a trav\u00e9s de los diferentes medios de comunicaci\u00f3n, respetando la diversidad de ideas, con honestidad y \u00e9tica profesional.<\/span><\/p><p class=\"MsoNormal\"><span style=\"font-size: 12.0pt; line-height: 107%; font-family: 'Arial',sans-serif;\">\u00a0o Ejercer su pr\u00e1ctica profesional de acuerdo con la normatividad estatal, nacional e internacional, con una actitud \u00e9tica, cr\u00edtica y propositiva. <\/span><\/p><p class=\"MsoNormal\"><span style=\"font-size: 12.0pt; line-height: 107%; font-family: 'Arial',sans-serif;\">o Analizar e insertarse en los segmentos del mercado de trabajo con actitud autocr\u00edtica, creativa y \u00e9tica para lograr liderazgo en su campo profesional.<\/span><\/p><p class=\"MsoNormal\"><span style=\"font-size: 12.0pt; line-height: 107%; font-family: 'Arial',sans-serif;\">o Identificar, dise\u00f1ar e implementar los diferentes programas de prevenci\u00f3n de la salud en equipo multi, inter y transdisciplinarios para fomentar una cultura de salud.<\/span><\/p><p><span style=\"font-size: 12.0pt; line-height: 107%; font-family: 'Arial',sans-serif; mso-fareast-font-family: Calibri; mso-fareast-theme-font: minor-latin; mso-ansi-language: ES-MX; mso-fareast-language: EN-US; mso-bidi-language: AR-SA;\">\u00a0o Aplicar los conocimientos sobre el proceso administrativo con eficiencia y eficacia de acuerdo con las prioridades del \u00e1mbito de la salud, y con una actitud prospectiva fincada en propuestas.<\/span><\/p>\t\t\t\t\t\t<\/div>\n\t\t\t\t<\/div>\n\t\t\t\t\t<\/div>\n\t\t<\/div>\n\t\t\t\t\t\t\t<\/div>\n\t\t<\/section>\n\t\t\t\t<section class=\"elementor-section elementor-top-section elementor-element elementor-element-766df6d4 elementor-section-full_width elementor-section-height-min-height elementor-section-items-stretch elementor-section-content-middle elementor-section-height-default\" data-id=\"766df6d4\" data-element_type=\"section\">\n\t\t\t\t\t\t<div class=\"elementor-container elementor-column-gap-no\">\n\t\t\t\t\t<div class=\"elementor-column elementor-col-100 elementor-top-column elementor-element elementor-element-4adeb442\" data-id=\"4adeb442\" data-element_type=\"column\">\n\t\t\t<div class=\"elementor-widget-wrap elementor-element-populated\">\n\t\t\t\t\t\t\t\t<section class=\"elementor-section elementor-inner-section elementor-element elementor-element-77705b0d elementor-section-height-min-height elementor-section-content-middle elementor-section-boxed elementor-section-height-default\" data-id=\"77705b0d\" data-element_type=\"section\" data-settings=\"{&quot;background_background&quot;:&quot;classic&quot;}\">\n\t\t\t\t\t\t<div class=\"elementor-container elementor-column-gap-no\">\n\t\t\t\t\t<div class=\"elementor-column elementor-col-100 elementor-inner-column elementor-element elementor-element-794bddc4\" data-id=\"794bddc4\" data-element_type=\"column\">\n\t\t\t<div class=\"elementor-widget-wrap elementor-element-populated\">\n\t\t\t\t\t\t\t\t<div class=\"elementor-element elementor-element-717583d9 elementor-invisible elementor-widget elementor-widget-heading\" data-id=\"717583d9\" data-element_type=\"widget\" data-settings=\"{&quot;_animation&quot;:&quot;fadeIn&quot;}\" data-widget_type=\"heading.default\">\n\t\t\t\t<div class=\"elementor-widget-container\">\n\t\t\t<h2 class=\"elementor-heading-title elementor-size-default\">Habilidades<\/h2>\t\t<\/div>\n\t\t\t\t<\/div>\n\t\t\t\t<div class=\"elementor-element elementor-element-4d5f36e1 elementor-invisible elementor-widget elementor-widget-text-editor\" data-id=\"4d5f36e1\" data-element_type=\"widget\" data-settings=\"{&quot;_animation&quot;:&quot;fadeIn&quot;,&quot;_animation_delay&quot;:200}\" data-widget_type=\"text-editor.default\">\n\t\t\t\t<div class=\"elementor-widget-container\">\n\t\t\t\t\t\t\t<p>: Diagnosticar el estado de nutrici\u00f3n, planear y evaluar la alimentaci\u00f3n, y h\u00e1bitos adecuados en condiciones de salud y de enfermedad. Formular programas de intervenci\u00f3n nutricional. Prescribir planes de alimentaci\u00f3n para individuos sanos y enfermos.<\/p><p>capaz de integrar, generar y aplicar conocimientos, habilidades y actitudes que permiten su desempe\u00f1o en diversos campos profesionales; fundamentando su ejercicio profesional en un marco \u00e9tico y multidisciplinario para responder con calidad y compromiso a las necesidades sociales de alimentaci\u00f3n y nutrici\u00f3n presentes y futuras.<\/p>\t\t\t\t\t\t<\/div>\n\t\t\t\t<\/div>\n\t\t\t\t\t<\/div>\n\t\t<\/div>\n\t\t\t\t\t\t\t<\/div>\n\t\t<\/section>\n\t\t\t\t<div class=\"elementor-element elementor-element-117f8d7b elementor-widget__width-auto elementor-absolute elementor-invisible elementor-widget elementor-widget-image\" data-id=\"117f8d7b\" data-element_type=\"widget\" data-settings=\"{&quot;_animation&quot;:&quot;slideInLeft&quot;,&quot;_position&quot;:&quot;absolute&quot;}\" data-widget_type=\"image.default\">\n\t\t\t\t<div class=\"elementor-widget-container\">\n\t\t\t\t\t\t\t\t\t\t\t\t\t\t\t<img loading=\"lazy\" decoding=\"async\" width=\"730\" height=\"370\" src=\"https:\/\/iemsur.com.mx\/Webiemsur\/wp-content\/uploads\/2022\/04\/adobestock_212307255-730x370-2.jpeg\" class=\"attachment-large size-large wp-image-182\" alt=\"\" srcset=\"https:\/\/iemsur.com.mx\/Webiemsur\/wp-content\/uploads\/2022\/04\/adobestock_212307255-730x370-2.jpeg 730w, https:\/\/iemsur.com.mx\/Webiemsur\/wp-content\/uploads\/2022\/04\/adobestock_212307255-730x370-2-300x152.jpeg 300w\" sizes=\"auto, (max-width: 730px) 100vw, 730px\" \/>\t\t\t\t\t\t\t\t\t\t\t\t\t\t\t<\/div>\n\t\t\t\t<\/div>\n\t\t\t\t<div class=\"elementor-element elementor-element-76be311f elementor-widget__width-auto elementor-absolute elementor-invisible elementor-widget elementor-widget-image\" data-id=\"76be311f\" data-element_type=\"widget\" data-settings=\"{&quot;_animation&quot;:&quot;slideInRight&quot;,&quot;_animation_delay&quot;:200,&quot;_position&quot;:&quot;absolute&quot;}\" data-widget_type=\"image.default\">\n\t\t\t\t<div class=\"elementor-widget-container\">\n\t\t\t\t\t\t\t\t\t\t\t\t\t\t\t<img loading=\"lazy\" decoding=\"async\" width=\"250\" height=\"250\" src=\"https:\/\/iemsur.com.mx\/Webiemsur\/wp-content\/uploads\/2022\/04\/nutricion-deportiva-2.png\" class=\"attachment-large size-large wp-image-184\" alt=\"\" srcset=\"https:\/\/iemsur.com.mx\/Webiemsur\/wp-content\/uploads\/2022\/04\/nutricion-deportiva-2.png 250w, https:\/\/iemsur.com.mx\/Webiemsur\/wp-content\/uploads\/2022\/04\/nutricion-deportiva-2-150x150.png 150w\" sizes=\"auto, (max-width: 250px) 100vw, 250px\" \/>\t\t\t\t\t\t\t\t\t\t\t\t\t\t\t<\/div>\n\t\t\t\t<\/div>\n\t\t\t\t\t<\/div>\n\t\t<\/div>\n\t\t\t\t\t\t\t<\/div>\n\t\t<\/section>\n\t\t\t\t<section class=\"elementor-section elementor-top-section elementor-element elementor-element-1fa53ff elementor-section-height-min-height elementor-section-items-stretch elementor-section-content-bottom elementor-section-boxed elementor-section-height-default\" data-id=\"1fa53ff\" data-element_type=\"section\" data-settings=\"{&quot;background_background&quot;:&quot;classic&quot;}\">\n\t\t\t\t\t\t<div class=\"elementor-container elementor-column-gap-no\">\n\t\t\t\t\t<div class=\"elementor-column elementor-col-50 elementor-top-column elementor-element elementor-element-2bc0a85\" data-id=\"2bc0a85\" data-element_type=\"column\" data-settings=\"{&quot;background_background&quot;:&quot;classic&quot;}\">\n\t\t\t<div class=\"elementor-widget-wrap elementor-element-populated\">\n\t\t\t\t\t\t\t\t<div class=\"elementor-element elementor-element-3037d25a elementor-position-top elementor-vertical-align-top elementor-invisible elementor-widget elementor-widget-image-box\" data-id=\"3037d25a\" data-element_type=\"widget\" data-settings=\"{&quot;_animation&quot;:&quot;fadeIn&quot;,&quot;_animation_delay&quot;:400}\" data-widget_type=\"image-box.default\">\n\t\t\t\t<div class=\"elementor-widget-container\">\n\t\t\t<style>\/*! elementor - v3.9.1 - 14-12-2022 *\/\n.elementor-widget-image-box .elementor-image-box-content{width:100%}@media (min-width:768px){.elementor-widget-image-box.elementor-position-left .elementor-image-box-wrapper,.elementor-widget-image-box.elementor-position-right .elementor-image-box-wrapper{display:flex}.elementor-widget-image-box.elementor-position-right .elementor-image-box-wrapper{text-align:right;flex-direction:row-reverse}.elementor-widget-image-box.elementor-position-left .elementor-image-box-wrapper{text-align:left;flex-direction:row}.elementor-widget-image-box.elementor-position-top .elementor-image-box-img{margin:auto}.elementor-widget-image-box.elementor-vertical-align-top .elementor-image-box-wrapper{align-items:flex-start}.elementor-widget-image-box.elementor-vertical-align-middle .elementor-image-box-wrapper{align-items:center}.elementor-widget-image-box.elementor-vertical-align-bottom .elementor-image-box-wrapper{align-items:flex-end}}@media (max-width:767px){.elementor-widget-image-box .elementor-image-box-img{margin-left:auto!important;margin-right:auto!important;margin-bottom:15px}}.elementor-widget-image-box .elementor-image-box-img{display:inline-block}.elementor-widget-image-box .elementor-image-box-title a{color:inherit}.elementor-widget-image-box .elementor-image-box-wrapper{text-align:center}.elementor-widget-image-box .elementor-image-box-description{margin:0}<\/style><div class=\"elementor-image-box-wrapper\"><div class=\"elementor-image-box-content\"><h3 class=\"elementor-image-box-title\"><br>DESEMPE\u00d1O<\/h3><p class=\"elementor-image-box-description\">NUTRICI\u00d3N CL\u00cdNICA: Se caracteriza por la evaluaci\u00f3n y atenci\u00f3n nutriol\u00f3gica de individuos sanos, en riesgo o enfermos a trav\u00e9s del dise\u00f1o, implementaci\u00f3n y evaluaci\u00f3n del plan de cuidado nutricio.\n\nNUTRICI\u00d3N POBLACIONAL: Se caracteriza por la aplicaci\u00f3n de la Nutriolog\u00eda en la Salud P\u00fablica.<br>\nTECNOLOG\u00cdA DE ALIMENTOS: Se caracteriza por controlar, evaluar y mejorar la calidad nutrimental y sanitaria de los alimentos durante su producci\u00f3n, distribuci\u00f3n, transformaci\u00f3n, desarrollo, comercializaci\u00f3n, aceptaci\u00f3n y consumo.<br>\nSERVICIO DE ALIMENTOS: Se caracteriza por la planeaci\u00f3n, direcci\u00f3n, control y evaluaci\u00f3n de las actividades de un servicio de alimentos, con la finalidad de asegurar los est\u00e1ndares de calidad a los consumidores que demandan el servicio.\n<\/p><\/div><\/div>\t\t<\/div>\n\t\t\t\t<\/div>\n\t\t\t\t<div class=\"elementor-element elementor-element-450fe1a1 elementor-widget__width-auto elementor-widget-tablet__width-inherit elementor-widget elementor-widget-heading\" data-id=\"450fe1a1\" data-element_type=\"widget\" data-widget_type=\"heading.default\">\n\t\t\t\t<div class=\"elementor-widget-container\">\n\t\t\t<p class=\"elementor-heading-title elementor-size-default\">\u00a9 2021 All Rights Reserved.<\/p>\t\t<\/div>\n\t\t\t\t<\/div>\n\t\t\t\t<div class=\"elementor-element elementor-element-153106b6 elementor-widget__width-initial elementor-widget-tablet__width-inherit elementor-widget-mobile__width-inherit elementor-absolute elementor-widget elementor-widget-spacer\" data-id=\"153106b6\" data-element_type=\"widget\" data-settings=\"{&quot;_position&quot;:&quot;absolute&quot;}\" data-widget_type=\"spacer.default\">\n\t\t\t\t<div class=\"elementor-widget-container\">\n\t\t\t\t\t<div class=\"elementor-spacer\">\n\t\t\t<div class=\"elementor-spacer-inner\"><\/div>\n\t\t<\/div>\n\t\t\t\t<\/div>\n\t\t\t\t<\/div>\n\t\t\t\t\t<\/div>\n\t\t<\/div>\n\t\t\t\t<div class=\"elementor-column elementor-col-50 elementor-top-column elementor-element elementor-element-42717920\" data-id=\"42717920\" data-element_type=\"column\">\n\t\t\t<div class=\"elementor-widget-wrap elementor-element-populated\">\n\t\t\t\t\t\t\t\t<div class=\"elementor-element elementor-element-2cd99a04 elementor-invisible elementor-widget elementor-widget-image\" data-id=\"2cd99a04\" data-element_type=\"widget\" data-settings=\"{&quot;_animation&quot;:&quot;slideInUp&quot;}\" data-widget_type=\"image.default\">\n\t\t\t\t<div class=\"elementor-widget-container\">\n\t\t\t\t\t\t\t\t\t\t\t\t\t\t\t<img loading=\"lazy\" decoding=\"async\" width=\"359\" height=\"508\" src=\"https:\/\/iemsur.com.mx\/Webiemsur\/wp-content\/uploads\/2022\/04\/nutricion-1.png\" class=\"attachment-large size-large wp-image-169\" alt=\"\" srcset=\"https:\/\/iemsur.com.mx\/Webiemsur\/wp-content\/uploads\/2022\/04\/nutricion-1.png 359w, https:\/\/iemsur.com.mx\/Webiemsur\/wp-content\/uploads\/2022\/04\/nutricion-1-212x300.png 212w\" sizes=\"auto, (max-width: 359px) 100vw, 359px\" \/>\t\t\t\t\t\t\t\t\t\t\t\t\t\t\t<\/div>\n\t\t\t\t<\/div>\n\t\t\t\t\t<\/div>\n\t\t<\/div>\n\t\t\t\t\t\t\t<\/div>\n\t\t<\/section>\n\t\t\t\t\t\t\t<\/div>\n\t\t","protected":false},"excerpt":{"rendered":"<p>Nutrici\u00f3n \u00a0Formar Licenciados en Nutrici\u00f3n, capaces de incidir en el proceso alimentario, a trav\u00e9s de su evaluaci\u00f3n en la poblaci\u00f3n, tanto a nivel comunitario como individual, mediante un enfoque interdisciplinario en las \u00e1reas de ciencias de los alimentos, nutrici\u00f3n cl\u00ednica y comunitaria, administraci\u00f3n de servicios de alimentos, educaci\u00f3n e investigaci\u00f3n en nutrici\u00f3n, a trav\u00e9s de &hellip;<\/p>\n<p class=\"read-more\"> <a class=\"\" href=\"https:\/\/iemsur.com.mx\/Webiemsur\/inicio\/nutricion\/\"> <span class=\"screen-reader-text\">Nutrici\u00f3n<\/span> Leer m\u00e1s &raquo;<\/a><\/p>\n","protected":false},"author":1,"featured_media":0,"parent":17,"menu_order":0,"comment_status":"closed","ping_status":"closed","template":"","meta":{"site-sidebar-layout":"no-sidebar","site-content-layout":"page-builder","ast-global-header-display":"","ast-main-header-display":"","ast-hfb-above-header-display":"","ast-hfb-below-header-display":"","ast-hfb-mobile-header-display":"","site-post-title":"disabled","ast-breadcrumbs-content":"","ast-featured-img":"disabled","footer-sml-layout":"","theme-transparent-header-meta":"","adv-header-id-meta":"","stick-header-meta":"","header-above-stick-meta":"","header-main-stick-meta":"","header-below-stick-meta":"","footnotes":""},"class_list":["post-66","page","type-page","status-publish","hentry"],"_links":{"self":[{"href":"https:\/\/iemsur.com.mx\/Webiemsur\/wp-json\/wp\/v2\/pages\/66","targetHints":{"allow":["GET"]}}],"collection":[{"href":"https:\/\/iemsur.com.mx\/Webiemsur\/wp-json\/wp\/v2\/pages"}],"about":[{"href":"https:\/\/iemsur.com.mx\/Webiemsur\/wp-json\/wp\/v2\/types\/page"}],"author":[{"embeddable":true,"href":"https:\/\/iemsur.com.mx\/Webiemsur\/wp-json\/wp\/v2\/users\/1"}],"replies":[{"embeddable":true,"href":"https:\/\/iemsur.com.mx\/Webiemsur\/wp-json\/wp\/v2\/comments?post=66"}],"version-history":[{"count":25,"href":"https:\/\/iemsur.com.mx\/Webiemsur\/wp-json\/wp\/v2\/pages\/66\/revisions"}],"predecessor-version":[{"id":196,"href":"https:\/\/iemsur.com.mx\/Webiemsur\/wp-json\/wp\/v2\/pages\/66\/revisions\/196"}],"up":[{"embeddable":true,"href":"https:\/\/iemsur.com.mx\/Webiemsur\/wp-json\/wp\/v2\/pages\/17"}],"wp:attachment":[{"href":"https:\/\/iemsur.com.mx\/Webiemsur\/wp-json\/wp\/v2\/media?parent=66"}],"curies":[{"name":"wp","href":"https:\/\/api.w.org\/{rel}","templated":true}]}}